{"id":2850,"date":"2025-05-05T09:33:25","date_gmt":"2025-05-05T09:33:25","guid":{"rendered":"https:\/\/websnebrija.es\/madrigueravelas\/?page_id=2850"},"modified":"2025-05-20T07:08:22","modified_gmt":"2025-05-20T07:08:22","slug":"nuestra-historia","status":"publish","type":"page","link":"https:\/\/websnebrija.es\/madrigueravelas\/nuestra-historia\/","title":{"rendered":"NUESTRA HISTORIA"},"content":{"rendered":"\n<div class=\"wp-block-uagb-container uagb-block-7fd983b3 alignfull uagb-is-root-container\"><div class=\"uagb-container-inner-blocks-wrap\">\n<div class=\"wp-block-uagb-advanced-heading uagb-block-373e167f\"><h2 class=\"uagb-heading-text\">                                                                                            NUESTRA HISTORIA<\/h2><\/div>\n<\/div><\/div>\n\n\n\n<div class=\"wp-block-uagb-container uagb-block-6a10953c alignfull uagb-is-root-container\"><div class=\"uagb-container-inner-blocks-wrap\">\n<div class=\"wp-block-uagb-container uagb-block-f48e2cf5\">\n<div class=\"wp-block-uagb-info-box uagb-block-8bfe3f84 uagb-infobox__content-wrap  uagb-infobox-icon-above-title uagb-infobox-image-valign-top\"><div class=\"uagb-ifb-content\"><div class=\"uagb-ifb-image-content\"><img decoding=\"async\" src=\"https:\/\/websnebrija.es\/madrigueravelas\/wp-content\/uploads\/2025\/05\/tati-150x150.jpg\" alt=\"\" width=\"\" height=\"0\" loading=\"lazy\"\/><\/div><div class=\"uagb-ifb-title-wrap\"><h3 class=\"uagb-ifb-title\">Manuela  <\/h3><\/div><\/div><\/div>\n<\/div>\n\n\n\n<div class=\"wp-block-uagb-container uagb-block-6dd17e1c\">\n<div class=\"wp-block-uagb-info-box uagb-block-f1aaefe6 uagb-infobox__content-wrap  uagb-infobox-icon-above-title uagb-infobox-image-valign-top\"><div class=\"uagb-ifb-content\"><div class=\"uagb-ifb-image-content\"><img decoding=\"async\" src=\"https:\/\/websnebrija.es\/madrigueravelas\/wp-content\/uploads\/2025\/05\/Captura-de-pantalla-2025-05-05-181308-150x150.png\" alt=\"\" width=\"\" height=\"0\" loading=\"lazy\"\/><\/div><div class=\"uagb-ifb-title-wrap\"><h3 class=\"uagb-ifb-title\">I\u00f1aki <\/h3><\/div><\/div><\/div>\n<\/div>\n\n\n\n<div class=\"wp-block-uagb-container uagb-block-290beb76\">\n<div class=\"wp-block-uagb-info-box uagb-block-ecaf2b10 uagb-infobox__content-wrap  uagb-infobox-icon-above-title uagb-infobox-image-valign-top\"><div class=\"uagb-ifb-content\"><div class=\"uagb-ifb-image-content\"><img decoding=\"async\" src=\"https:\/\/websnebrija.es\/madrigueravelas\/wp-content\/uploads\/2025\/05\/Captura-de-pantalla-2025-05-05-181331-150x150.png\" alt=\"\" width=\"\" height=\"0\" loading=\"lazy\"\/><\/div><div class=\"uagb-ifb-title-wrap\"><h3 class=\"uagb-ifb-title\">Camila <\/h3><\/div><\/div><\/div>\n<\/div>\n\n\n\n<div class=\"wp-block-uagb-container uagb-block-d4586a98\">\n<div class=\"wp-block-uagb-info-box uagb-block-f43380d5 uagb-infobox__content-wrap  uagb-infobox-icon-above-title uagb-infobox-image-valign-top\"><div class=\"uagb-ifb-content\"><div class=\"uagb-ifb-image-content\"><img decoding=\"async\" src=\"https:\/\/websnebrija.es\/madrigueravelas\/wp-content\/uploads\/2025\/05\/Captura-de-pantalla-2025-05-05-181342-150x150.png\" alt=\"\" width=\"\" height=\"0\" loading=\"lazy\"\/><\/div><div class=\"uagb-ifb-title-wrap\"><h3 class=\"uagb-ifb-title\">Claudia <\/h3><\/div><\/div><\/div>\n\n\n\n<p><\/p>\n<\/div>\n<\/div><\/div>\n\n\n\n<div class=\"wp-block-uagb-advanced-heading uagb-block-21345604\"><h2 class=\"uagb-heading-text\">Hacemos historia <\/h2><\/div>\n\n\n\n<div class=\"wp-block-uagb-container uagb-block-c4111cef alignfull uagb-is-root-container\"><div class=\"uagb-container-inner-blocks-wrap\">\n<p class=\"has-text-align-center has-text-color has-link-color has-medium-font-size wp-elements-1227d244043eec4958e7085fcb74de30\" style=\"color:#874141\"><strong>Nuestra historia <\/strong> nace de algo muy simple y muy poderoso: la amistad, el hogar y las ra\u00edces compartidas. Somos Camila (de Venezuela), Manuela (de Bolivia), I\u00f1aki y Claudia (de Per\u00fa), cuatro amigos que vivimos en Madrid y que, como muchos, un d\u00eda tuvimos que empezar desde cero. Crear un hogar lejos de casa no es f\u00e1cil. Se construye poco a poco, con cari\u00f1o, esfuerzo y detalles que aportan calidez. Y fue justo eso lo que nos uni\u00f3: transformar nuestro piso en un refugio, en <strong>una madriguera<\/strong> donde siempre se sintiera el abrazo de lo familiar. Ese lugar donde puedes respirar hondo, encender una vela y sentirte a salvo.<\/p>\n\n\n\n<p class=\"has-text-align-center has-text-color has-link-color has-medium-font-size wp-elements-24bd9562299c373d1b7008d28d67fda8\" style=\"color:#874141\">De ah\u00ed naci\u00f3 esta marca. Inspirados por nuestras ra\u00edces latinas y por el deseo de compartir lo que nosotros mismos necesitamos cuando todo era nuevo. <strong>La Madriguera de las Velas<\/strong> es una extensi\u00f3n de nuestro espacio: \u00edntima, c\u00e1lida, sencilla, consciente. Cada vela que creamos est\u00e1 hecha a mano con dedicaci\u00f3n, amor y materiales ecol\u00f3gicos. Creemos en un consumo m\u00e1s responsable, en productos que no solo decoran, sino que cuidan tu salud, tu estado de \u00e1nimo y el ambiente en el que vives.<\/p>\n\n\n\n<p class=\"has-text-align-center has-text-color has-link-color has-medium-font-size wp-elements-50437ff815efbf73888fcd112cf03bb7\" style=\"color:#874141\">Nuestra misi\u00f3n es promover el uso de <strong>velas ecol\u00f3gicas<\/strong> como una forma de bienestar personal y tambi\u00e9n de respeto al planeta. Nuestra visi\u00f3n es que cada persona pueda crear su propio refugio, su <strong>propia madriguera<\/strong>, a trav\u00e9s de aromas honestos y luz suave.<\/p>\n<\/div><\/div>\n\n\n\n<div class=\"wp-block-uagb-container uagb-block-c16f081e alignfull uagb-is-root-container\"><div class=\"uagb-container-inner-blocks-wrap\">\n<div class=\"wp-block-uagb-advanced-heading uagb-block-6e98310e\"><h2 class=\"uagb-heading-text\">Nuestra historia se basa en: <\/h2><\/div>\n\n\n\n<div class=\"wp-block-uagb-container uagb-block-222f8b88\">\n<div class=\"wp-block-uagb-info-box uagb-block-e9e4bf63 uagb-infobox__content-wrap  uagb-infobox-icon-above-title uagb-infobox-image-valign-top\"><div class=\"uagb-ifb-content\"><div class=\"uagb-ifb-icon-wrap\"><svg xmlns=\"https:\/\/www.w3.org\/2000\/svg\" viewBox=\"0 0 512 512\"><path d=\"M512 165.4c0 127.9-70.05 235.3-175.3 270.1c-20.04 7.938-41.83 12.46-64.69 12.46c-64.9 0-125.2-36.51-155.7-94.47c-54.13 49.93-68.71 107-68.96 108.1C44.72 472.6 34.87 480 24.02 480c-1.844 0-3.727-.2187-5.602-.6562c-12.89-3.098-20.84-16.08-17.75-28.96c9.598-39.5 90.47-226.4 335.3-226.4C344.8 224 352 216.8 352 208S344.8 192 336 192C228.6 192 151 226.6 96.29 267.6c.1934-10.82 1.242-21.84 3.535-33.05c13.47-65.81 66.04-119 131.4-134.2c28.33-6.562 55.68-6.013 80.93-.0054c56 13.32 118.2-7.412 149.3-61.24c5.664-9.828 20.02-9.516 24.66 .8282C502.7 76.76 512 121.9 512 165.4z\"><\/path><\/svg><\/div><div class=\"uagb-ifb-title-wrap\"><h3 class=\"uagb-ifb-title\">Sostenibilidad<\/h3><\/div><p class=\"uagb-ifb-desc\">Ingredientes naturales, ceras vegetales y procesos respetuosos con el medio ambiente. <br>Lo ecol\u00f3gico no es una moda para nosotros: es un compromiso.<\/p><\/div><\/div>\n<\/div>\n\n\n\n<div class=\"wp-block-uagb-container uagb-block-0a8d52f0\">\n<div class=\"wp-block-uagb-info-box uagb-block-3bba8dd6 uagb-infobox__content-wrap  uagb-infobox-icon-above-title uagb-infobox-image-valign-top\"><div class=\"uagb-ifb-content\"><div class=\"uagb-ifb-icon-wrap\"><svg xmlns=\"https:\/\/www.w3.org\/2000\/svg\" viewBox=\"0 0 512 512\"><path d=\"M0 190.9V185.1C0 115.2 50.52 55.58 119.4 44.1C164.1 36.51 211.4 51.37 244 84.02L256 96L267.1 84.02C300.6 51.37 347 36.51 392.6 44.1C461.5 55.58 512 115.2 512 185.1V190.9C512 232.4 494.8 272.1 464.4 300.4L283.7 469.1C276.2 476.1 266.3 480 256 480C245.7 480 235.8 476.1 228.3 469.1L47.59 300.4C17.23 272.1 .0003 232.4 .0003 190.9L0 190.9z\"><\/path><\/svg><\/div><div class=\"uagb-ifb-title-wrap\"><h3 class=\"uagb-ifb-title\">Cuidado y empat\u00eda<\/h3><\/div><p class=\"uagb-ifb-desc\">Pensamos en cada vela como un peque\u00f1o gesto de acompa\u00f1amiento. <br>Queremos que sientas que alguien pens\u00f3 en ti al hacerla.<\/p><\/div><\/div>\n<\/div>\n\n\n\n<div class=\"wp-block-uagb-container uagb-block-fe4635e7\">\n<div class=\"wp-block-uagb-info-box uagb-block-dfbcc672 uagb-infobox__content-wrap  uagb-infobox-icon-above-title uagb-infobox-image-valign-top\"><div class=\"uagb-ifb-content\"><div class=\"uagb-ifb-icon-wrap\"><svg xmlns=\"https:\/\/www.w3.org\/2000\/svg\" viewBox=\"0 0 576 512\"><path d=\"M575.8 255.5C575.8 273.5 560.8 287.6 543.8 287.6H511.8L512.5 447.7C512.5 450.5 512.3 453.1 512 455.8V472C512 494.1 494.1 512 472 512H456C454.9 512 453.8 511.1 452.7 511.9C451.3 511.1 449.9 512 448.5 512H392C369.9 512 352 494.1 352 472V384C352 366.3 337.7 352 320 352H256C238.3 352 224 366.3 224 384V472C224 494.1 206.1 512 184 512H128.1C126.6 512 125.1 511.9 123.6 511.8C122.4 511.9 121.2 512 120 512H104C81.91 512 64 494.1 64 472V360C64 359.1 64.03 358.1 64.09 357.2V287.6H32.05C14.02 287.6 0 273.5 0 255.5C0 246.5 3.004 238.5 10.01 231.5L266.4 8.016C273.4 1.002 281.4 0 288.4 0C295.4 0 303.4 2.004 309.5 7.014L564.8 231.5C572.8 238.5 576.9 246.5 575.8 255.5L575.8 255.5z\"><\/path><\/svg><\/div><div class=\"uagb-ifb-title-wrap\"><h3 class=\"uagb-ifb-title\">Calidez en el hogar<\/h3><\/div><p class=\"uagb-ifb-desc\">Sabemos lo que es construir un hogar desde cero. Por eso nuestras velas est\u00e1n hechas para ayudarte a crear ese espacio seguro y tuyo.<br><\/p><\/div><\/div>\n<\/div>\n\n\n\n<div class=\"wp-block-uagb-container uagb-block-6724b81a\">\n<div class=\"wp-block-uagb-info-box uagb-block-2d419e69 uagb-infobox__content-wrap  uagb-infobox-icon-above-title uagb-infobox-image-valign-top\"><div class=\"uagb-ifb-content\"><div class=\"uagb-ifb-icon-wrap\"><svg xmlns=\"https:\/\/www.w3.org\/2000\/svg\" viewBox=\"0 0 512 512\"><path d=\"M352 256C352 278.2 350.8 299.6 348.7 320H163.3C161.2 299.6 159.1 278.2 159.1 256C159.1 233.8 161.2 212.4 163.3 192H348.7C350.8 212.4 352 233.8 352 256zM503.9 192C509.2 212.5 512 233.9 512 256C512 278.1 509.2 299.5 503.9 320H380.8C382.9 299.4 384 277.1 384 256C384 234 382.9 212.6 380.8 192H503.9zM493.4 160H376.7C366.7 96.14 346.9 42.62 321.4 8.442C399.8 29.09 463.4 85.94 493.4 160zM344.3 160H167.7C173.8 123.6 183.2 91.38 194.7 65.35C205.2 41.74 216.9 24.61 228.2 13.81C239.4 3.178 248.7 0 256 0C263.3 0 272.6 3.178 283.8 13.81C295.1 24.61 306.8 41.74 317.3 65.35C328.8 91.38 338.2 123.6 344.3 160H344.3zM18.61 160C48.59 85.94 112.2 29.09 190.6 8.442C165.1 42.62 145.3 96.14 135.3 160H18.61zM131.2 192C129.1 212.6 127.1 234 127.1 256C127.1 277.1 129.1 299.4 131.2 320H8.065C2.8 299.5 0 278.1 0 256C0 233.9 2.8 212.5 8.065 192H131.2zM194.7 446.6C183.2 420.6 173.8 388.4 167.7 352H344.3C338.2 388.4 328.8 420.6 317.3 446.6C306.8 470.3 295.1 487.4 283.8 498.2C272.6 508.8 263.3 512 255.1 512C248.7 512 239.4 508.8 228.2 498.2C216.9 487.4 205.2 470.3 194.7 446.6H194.7zM190.6 503.6C112.2 482.9 48.59 426.1 18.61 352H135.3C145.3 415.9 165.1 469.4 190.6 503.6V503.6zM321.4 503.6C346.9 469.4 366.7 415.9 376.7 352H493.4C463.4 426.1 399.8 482.9 321.4 503.6V503.6z\"><\/path><\/svg><\/div><div class=\"uagb-ifb-title-wrap\"><h3 class=\"uagb-ifb-title\">Ra\u00edces y diversidad<\/h3><\/div><p class=\"uagb-ifb-desc\">Honramos nuestras culturas latinas y las llevamos con orgullo en cada detalle, aroma e intenci\u00f3n.  Creemos que nuestras ra\u00edces son una fuente de  creatividad y conexi\u00f3n. <\/p><\/div><\/div>\n<\/div>\n<\/div><\/div>\n\n\n\n<div class=\"wp-block-uagb-container uagb-block-2c6c9d17 alignfull uagb-is-root-container\"><div class=\"uagb-container-inner-blocks-wrap\">\n<div class=\"wp-block-uagb-advanced-heading uagb-block-6adb8092\"><h2 class=\"uagb-heading-text\">Gracias por dejar que nuestra luz forme parte de tu refugio.           Que cada vela encienda tu calma, tu historia y tu propia madriguera.<\/h2><\/div>\n<\/div><\/div>\n\n\n\n<p><\/p>\n","protected":false},"excerpt":{"rendered":"<p>NUESTRA HISTORIA Hacemos historia Nuestra historia nace de algo muy simple y muy poderoso: la amistad, el hogar y las ra\u00edces compartidas. Somos Camila (de Venezuela), Manuela (de Bolivia), I\u00f1aki y Claudia (de Per\u00fa), cuatro amigos que vivimos en Madrid y que, como muchos, un d\u00eda tuvimos que empezar desde cero. Crear un hogar lejos [&hellip;]<\/p>\n","protected":false},"author":1,"featured_media":0,"parent":0,"menu_order":0,"comment_status":"closed","ping_status":"closed","template":"","meta":{"_uag_custom_page_level_css":"","site-sidebar-layout":"default","site-content-layout":"","ast-site-content-layout":"default","site-content-style":"default","site-sidebar-style":"default","ast-global-header-display":"","ast-banner-title-visibility":"","ast-main-header-display":"","ast-hfb-above-header-display":"","ast-hfb-below-header-display":"","ast-hfb-mobile-header-display":"","site-post-title":"","ast-breadcrumbs-content":"","ast-featured-img":"","footer-sml-layout":"","theme-transparent-header-meta":"","adv-header-id-meta":"","stick-header-meta":"","header-above-stick-meta":"","header-main-stick-meta":"","header-below-stick-meta":"","astra-migrate-meta-layouts":"set","ast-page-background-enabled":"default","ast-page-background-meta":{"desktop":{"background-color":"var(--ast-global-color-4)","background-image":"","background-repeat":"repeat","background-position":"center center","background-size":"auto","background-attachment":"scroll","background-type":"","background-media":"","overlay-type":"","overlay-color":"","overlay-opacity":"","overlay-gradient":""},"tablet":{"background-color":"","background-image":"","background-repeat":"repeat","background-position":"center center","background-size":"auto","background-attachment":"scroll","background-type":"","background-media":"","overlay-type":"","overlay-color":"","overlay-opacity":"","overlay-gradient":""},"mobile":{"background-color":"","background-image":"","background-repeat":"repeat","background-position":"center center","background-size":"auto","background-attachment":"scroll","background-type":"","background-media":"","overlay-type":"","overlay-color":"","overlay-opacity":"","overlay-gradient":""}},"ast-content-background-meta":{"desktop":{"background-color":"var(--ast-global-color-5)","background-image":"","background-repeat":"repeat","background-position":"center center","background-size":"auto","background-attachment":"scroll","background-type":"","background-media":"","overlay-type":"","overlay-color":"","overlay-opacity":"","overlay-gradient":""},"tablet":{"background-color":"var(--ast-global-color-5)","background-image":"","background-repeat":"repeat","background-position":"center center","background-size":"auto","background-attachment":"scroll","background-type":"","background-media":"","overlay-type":"","overlay-color":"","overlay-opacity":"","overlay-gradient":""},"mobile":{"background-color":"var(--ast-global-color-5)","background-image":"","background-repeat":"repeat","background-position":"center center","background-size":"auto","background-attachment":"scroll","background-type":"","background-media":"","overlay-type":"","overlay-color":"","overlay-opacity":"","overlay-gradient":""}},"footnotes":""},"class_list":["post-2850","page","type-page","status-publish","hentry"],"yoast_head":"<!-- This site is optimized with the Yoast SEO plugin v24.8.1 - https:\/\/yoast.com\/wordpress\/plugins\/seo\/ -->\n<title>NUESTRA HISTORIA - Madriguera Velas<\/title>\n<meta name=\"description\" content=\"Descubre nuestra historia como marca de velas ecol\u00f3gicas artesanales: una aventura de amistad, ra\u00edces y hogar desde el coraz\u00f3n de Madrid.\" \/>\n<meta name=\"robots\" content=\"index, follow, max-snippet:-1, max-image-preview:large, max-video-preview:-1\" \/>\n<link rel=\"canonical\" href=\"https:\/\/websnebrija.es\/madrigueravelas\/nuestra-historia\/\" \/>\n<meta property=\"og:locale\" content=\"es_ES\" \/>\n<meta property=\"og:type\" content=\"article\" \/>\n<meta property=\"og:title\" content=\"NUESTRA HISTORIA - Madriguera Velas\" \/>\n<meta property=\"og:description\" content=\"Descubre nuestra historia como marca de velas ecol\u00f3gicas artesanales: una aventura de amistad, ra\u00edces y hogar desde el coraz\u00f3n de Madrid.\" \/>\n<meta property=\"og:url\" content=\"https:\/\/websnebrija.es\/madrigueravelas\/nuestra-historia\/\" \/>\n<meta property=\"og:site_name\" content=\"Madriguera Velas\" \/>\n<meta property=\"article:publisher\" content=\"https:\/\/www.instagram.com\/madriguera.velas\/\" \/>\n<meta property=\"article:modified_time\" content=\"2025-05-20T07:08:22+00:00\" \/>\n<meta property=\"og:image\" content=\"https:\/\/websnebrija.es\/madrigueravelas\/wp-content\/uploads\/2025\/05\/tati-150x150.jpg\" \/>\n<meta name=\"twitter:card\" content=\"summary_large_image\" \/>\n<meta name=\"twitter:label1\" content=\"Tiempo de lectura\" \/>\n\t<meta name=\"twitter:data1\" content=\"3 minutos\" \/>\n<script type=\"application\/ld+json\" class=\"yoast-schema-graph\">{\"@context\":\"https:\/\/schema.org\",\"@graph\":[{\"@type\":\"WebPage\",\"@id\":\"https:\/\/websnebrija.es\/madrigueravelas\/nuestra-historia\/\",\"url\":\"https:\/\/websnebrija.es\/madrigueravelas\/nuestra-historia\/\",\"name\":\"NUESTRA HISTORIA - Madriguera Velas\",\"isPartOf\":{\"@id\":\"https:\/\/websnebrija.es\/madrigueravelas\/#website\"},\"primaryImageOfPage\":{\"@id\":\"https:\/\/websnebrija.es\/madrigueravelas\/nuestra-historia\/#primaryimage\"},\"image\":{\"@id\":\"https:\/\/websnebrija.es\/madrigueravelas\/nuestra-historia\/#primaryimage\"},\"thumbnailUrl\":\"https:\/\/websnebrija.es\/madrigueravelas\/wp-content\/uploads\/2025\/05\/tati-150x150.jpg\",\"datePublished\":\"2025-05-05T09:33:25+00:00\",\"dateModified\":\"2025-05-20T07:08:22+00:00\",\"description\":\"Descubre nuestra historia como marca de velas ecol\u00f3gicas artesanales: una aventura de amistad, ra\u00edces y hogar desde el coraz\u00f3n de Madrid.\",\"breadcrumb\":{\"@id\":\"https:\/\/websnebrija.es\/madrigueravelas\/nuestra-historia\/#breadcrumb\"},\"inLanguage\":\"es\",\"potentialAction\":[{\"@type\":\"ReadAction\",\"target\":[\"https:\/\/websnebrija.es\/madrigueravelas\/nuestra-historia\/\"]}]},{\"@type\":\"ImageObject\",\"inLanguage\":\"es\",\"@id\":\"https:\/\/websnebrija.es\/madrigueravelas\/nuestra-historia\/#primaryimage\",\"url\":\"https:\/\/websnebrija.es\/madrigueravelas\/wp-content\/uploads\/2025\/05\/tati.jpg\",\"contentUrl\":\"https:\/\/websnebrija.es\/madrigueravelas\/wp-content\/uploads\/2025\/05\/tati.jpg\",\"width\":1125,\"height\":1140},{\"@type\":\"BreadcrumbList\",\"@id\":\"https:\/\/websnebrija.es\/madrigueravelas\/nuestra-historia\/#breadcrumb\",\"itemListElement\":[{\"@type\":\"ListItem\",\"position\":1,\"name\":\"Portada\",\"item\":\"https:\/\/websnebrija.es\/madrigueravelas\/\"},{\"@type\":\"ListItem\",\"position\":2,\"name\":\"NUESTRA HISTORIA\"}]},{\"@type\":\"WebSite\",\"@id\":\"https:\/\/websnebrija.es\/madrigueravelas\/#website\",\"url\":\"https:\/\/websnebrija.es\/madrigueravelas\/\",\"name\":\"Madriguera Velas\",\"description\":\"\",\"publisher\":{\"@id\":\"https:\/\/websnebrija.es\/madrigueravelas\/#organization\"},\"potentialAction\":[{\"@type\":\"SearchAction\",\"target\":{\"@type\":\"EntryPoint\",\"urlTemplate\":\"https:\/\/websnebrija.es\/madrigueravelas\/?s={search_term_string}\"},\"query-input\":{\"@type\":\"PropertyValueSpecification\",\"valueRequired\":true,\"valueName\":\"search_term_string\"}}],\"inLanguage\":\"es\"},{\"@type\":\"Organization\",\"@id\":\"https:\/\/websnebrija.es\/madrigueravelas\/#organization\",\"name\":\"Madriguera Velas\",\"url\":\"https:\/\/websnebrija.es\/madrigueravelas\/\",\"logo\":{\"@type\":\"ImageObject\",\"inLanguage\":\"es\",\"@id\":\"https:\/\/websnebrija.es\/madrigueravelas\/#\/schema\/logo\/image\/\",\"url\":\"https:\/\/websnebrija.es\/madrigueravelas\/wp-content\/uploads\/2025\/05\/cropped-Diseno_sin_titulo_35.png\",\"contentUrl\":\"https:\/\/websnebrija.es\/madrigueravelas\/wp-content\/uploads\/2025\/05\/cropped-Diseno_sin_titulo_35.png\",\"width\":512,\"height\":512,\"caption\":\"Madriguera Velas\"},\"image\":{\"@id\":\"https:\/\/websnebrija.es\/madrigueravelas\/#\/schema\/logo\/image\/\"},\"sameAs\":[\"https:\/\/www.instagram.com\/madriguera.velas\/\"]}]}<\/script>\n<!-- \/ Yoast SEO plugin. -->","yoast_head_json":{"title":"NUESTRA HISTORIA - Madriguera Velas","description":"Descubre nuestra historia como marca de velas ecol\u00f3gicas artesanales: una aventura de amistad, ra\u00edces y hogar desde el coraz\u00f3n de Madrid.","robots":{"index":"index","follow":"follow","max-snippet":"max-snippet:-1","max-image-preview":"max-image-preview:large","max-video-preview":"max-video-preview:-1"},"canonical":"https:\/\/websnebrija.es\/madrigueravelas\/nuestra-historia\/","og_locale":"es_ES","og_type":"article","og_title":"NUESTRA HISTORIA - Madriguera Velas","og_description":"Descubre nuestra historia como marca de velas ecol\u00f3gicas artesanales: una aventura de amistad, ra\u00edces y hogar desde el coraz\u00f3n de Madrid.","og_url":"https:\/\/websnebrija.es\/madrigueravelas\/nuestra-historia\/","og_site_name":"Madriguera Velas","article_publisher":"https:\/\/www.instagram.com\/madriguera.velas\/","article_modified_time":"2025-05-20T07:08:22+00:00","og_image":[{"url":"https:\/\/websnebrija.es\/madrigueravelas\/wp-content\/uploads\/2025\/05\/tati-150x150.jpg","type":"","width":"","height":""}],"twitter_card":"summary_large_image","twitter_misc":{"Tiempo de lectura":"3 minutos"},"schema":{"@context":"https:\/\/schema.org","@graph":[{"@type":"WebPage","@id":"https:\/\/websnebrija.es\/madrigueravelas\/nuestra-historia\/","url":"https:\/\/websnebrija.es\/madrigueravelas\/nuestra-historia\/","name":"NUESTRA HISTORIA - Madriguera Velas","isPartOf":{"@id":"https:\/\/websnebrija.es\/madrigueravelas\/#website"},"primaryImageOfPage":{"@id":"https:\/\/websnebrija.es\/madrigueravelas\/nuestra-historia\/#primaryimage"},"image":{"@id":"https:\/\/websnebrija.es\/madrigueravelas\/nuestra-historia\/#primaryimage"},"thumbnailUrl":"https:\/\/websnebrija.es\/madrigueravelas\/wp-content\/uploads\/2025\/05\/tati-150x150.jpg","datePublished":"2025-05-05T09:33:25+00:00","dateModified":"2025-05-20T07:08:22+00:00","description":"Descubre nuestra historia como marca de velas ecol\u00f3gicas artesanales: una aventura de amistad, ra\u00edces y hogar desde el coraz\u00f3n de Madrid.","breadcrumb":{"@id":"https:\/\/websnebrija.es\/madrigueravelas\/nuestra-historia\/#breadcrumb"},"inLanguage":"es","potentialAction":[{"@type":"ReadAction","target":["https:\/\/websnebrija.es\/madrigueravelas\/nuestra-historia\/"]}]},{"@type":"ImageObject","inLanguage":"es","@id":"https:\/\/websnebrija.es\/madrigueravelas\/nuestra-historia\/#primaryimage","url":"https:\/\/websnebrija.es\/madrigueravelas\/wp-content\/uploads\/2025\/05\/tati.jpg","contentUrl":"https:\/\/websnebrija.es\/madrigueravelas\/wp-content\/uploads\/2025\/05\/tati.jpg","width":1125,"height":1140},{"@type":"BreadcrumbList","@id":"https:\/\/websnebrija.es\/madrigueravelas\/nuestra-historia\/#breadcrumb","itemListElement":[{"@type":"ListItem","position":1,"name":"Portada","item":"https:\/\/websnebrija.es\/madrigueravelas\/"},{"@type":"ListItem","position":2,"name":"NUESTRA HISTORIA"}]},{"@type":"WebSite","@id":"https:\/\/websnebrija.es\/madrigueravelas\/#website","url":"https:\/\/websnebrija.es\/madrigueravelas\/","name":"Madriguera Velas","description":"","publisher":{"@id":"https:\/\/websnebrija.es\/madrigueravelas\/#organization"},"potentialAction":[{"@type":"SearchAction","target":{"@type":"EntryPoint","urlTemplate":"https:\/\/websnebrija.es\/madrigueravelas\/?s={search_term_string}"},"query-input":{"@type":"PropertyValueSpecification","valueRequired":true,"valueName":"search_term_string"}}],"inLanguage":"es"},{"@type":"Organization","@id":"https:\/\/websnebrija.es\/madrigueravelas\/#organization","name":"Madriguera Velas","url":"https:\/\/websnebrija.es\/madrigueravelas\/","logo":{"@type":"ImageObject","inLanguage":"es","@id":"https:\/\/websnebrija.es\/madrigueravelas\/#\/schema\/logo\/image\/","url":"https:\/\/websnebrija.es\/madrigueravelas\/wp-content\/uploads\/2025\/05\/cropped-Diseno_sin_titulo_35.png","contentUrl":"https:\/\/websnebrija.es\/madrigueravelas\/wp-content\/uploads\/2025\/05\/cropped-Diseno_sin_titulo_35.png","width":512,"height":512,"caption":"Madriguera Velas"},"image":{"@id":"https:\/\/websnebrija.es\/madrigueravelas\/#\/schema\/logo\/image\/"},"sameAs":["https:\/\/www.instagram.com\/madriguera.velas\/"]}]}},"uagb_featured_image_src":{"full":false,"thumbnail":false,"medium":false,"medium_large":false,"large":false,"1536x1536":false,"2048x2048":false},"uagb_author_info":{"display_name":"admin","author_link":"https:\/\/websnebrija.es\/madrigueravelas\/author\/madrigueravelas\/"},"uagb_comment_info":0,"uagb_excerpt":"NUESTRA HISTORIA Hacemos historia Nuestra historia nace de algo muy simple y muy poderoso: la amistad, el hogar y las ra\u00edces compartidas. Somos Camila (de Venezuela), Manuela (de Bolivia), I\u00f1aki y Claudia (de Per\u00fa), cuatro amigos que vivimos en Madrid y que, como muchos, un d\u00eda tuvimos que empezar desde cero. Crear un hogar lejos&hellip;","_links":{"self":[{"href":"https:\/\/websnebrija.es\/madrigueravelas\/wp-json\/wp\/v2\/pages\/2850","targetHints":{"allow":["GET"]}}],"collection":[{"href":"https:\/\/websnebrija.es\/madrigueravelas\/wp-json\/wp\/v2\/pages"}],"about":[{"href":"https:\/\/websnebrija.es\/madrigueravelas\/wp-json\/wp\/v2\/types\/page"}],"author":[{"embeddable":true,"href":"https:\/\/websnebrija.es\/madrigueravelas\/wp-json\/wp\/v2\/users\/1"}],"replies":[{"embeddable":true,"href":"https:\/\/websnebrija.es\/madrigueravelas\/wp-json\/wp\/v2\/comments?post=2850"}],"version-history":[{"count":7,"href":"https:\/\/websnebrija.es\/madrigueravelas\/wp-json\/wp\/v2\/pages\/2850\/revisions"}],"predecessor-version":[{"id":3124,"href":"https:\/\/websnebrija.es\/madrigueravelas\/wp-json\/wp\/v2\/pages\/2850\/revisions\/3124"}],"wp:attachment":[{"href":"https:\/\/websnebrija.es\/madrigueravelas\/wp-json\/wp\/v2\/media?parent=2850"}],"curies":[{"name":"wp","href":"https:\/\/api.w.org\/{rel}","templated":true}]}}