{"id":3,"date":"2025-04-11T08:31:06","date_gmt":"2025-04-11T08:31:06","guid":{"rendered":"https:\/\/websnebrija.es\/madrigueravelas\/?page_id=3"},"modified":"2025-05-07T14:03:15","modified_gmt":"2025-05-07T14:03:15","slug":"politica-de-privacidad","status":"publish","type":"page","link":"https:\/\/websnebrija.es\/madrigueravelas\/politica-de-privacidad\/","title":{"rendered":"POL\u00cdTICA DE PRIVACIDAD"},"content":{"rendered":"\n<p>POL\u00cdTICA DE PRIVACIDAD <\/p>\n\n\n\n<div class=\"wp-block-uagb-container uagb-block-2b34ac8f alignfull uagb-is-root-container\"><div class=\"uagb-container-inner-blocks-wrap\">\n<div class=\"wp-block-uagb-info-box uagb-block-0a953495 uagb-infobox__content-wrap  uagb-infobox-icon-above-title uagb-infobox-image-valign-top\"><div class=\"uagb-ifb-content\"><div class=\"uagb-ifb-icon-wrap\"><svg xmlns=\"https:\/\/www.w3.org\/2000\/svg\" viewBox=\"0 0 512 512\"><path d=\"M0 256C0 114.6 114.6 0 256 0C397.4 0 512 114.6 512 256C512 397.4 397.4 512 256 512C114.6 512 0 397.4 0 256zM371.8 211.8C382.7 200.9 382.7 183.1 371.8 172.2C360.9 161.3 343.1 161.3 332.2 172.2L224 280.4L179.8 236.2C168.9 225.3 151.1 225.3 140.2 236.2C129.3 247.1 129.3 264.9 140.2 275.8L204.2 339.8C215.1 350.7 232.9 350.7 243.8 339.8L371.8 211.8z\"><\/path><\/svg><\/div><div class=\"uagb-ifb-title-wrap\"><h3 class=\"uagb-ifb-title\">\u00bfQui\u00e9nes Somos? <\/h3><\/div><p class=\"uagb-ifb-desc\"><strong>POL\u00cdTICA DE PRIVACIDAD<\/strong> <br>https:\/\/websnebrija.es\/madrigueravelas.<br><strong>Titular del sitio web<\/strong>: La Madriguera de las Velas<br><strong>Responsable del tratamiento<\/strong>: Claudia Monta\u00f1ez, Manuela Siles, Camila Fagre e I\u00f1aki Berjar. <br><strong>NIF<\/strong>: 54011234Y<br><strong>Correo electr\u00f3nico<\/strong>: <a>hola@lamadrigueradelasvelas.com<\/a><br><strong>Ubicaci\u00f3n<\/strong>: Madrid, Espa\u00f1a<br><strong>Actividad<\/strong>: Venta online de velas artesanales, ecol\u00f3gicas y arom\u00e1ticas.<br><\/p><\/div><\/div>\n<\/div><\/div>\n\n\n\n<p><\/p>\n\n\n\n<div class=\"wp-block-uagb-advanced-heading uagb-block-7c65f82e\"><h2 class=\"uagb-heading-text\">Pol\u00edtica de privacidad <\/h2><\/div>\n\n\n\n<h2 class=\"wp-block-heading has-text-color has-link-color wp-elements-553e6bc7805e8ce1c43dd3b173da3a40\" style=\"color:#874141\">Comentarios y pol\u00edtica de privacidad <\/h2>\n\n\n\n<p><\/p>\n\n\n\n<p class=\"has-text-color has-link-color wp-elements-895dfa09ba57531d36ad81c0b00afeeb\" style=\"color:#874141\">Cuando dejas un comentario en nuestra web, recopilamos los datos que aparecen en el formulario (como tu nombre y correo electr\u00f3nico), adem\u00e1s de tu direcci\u00f3n IP y el navegador que est\u00e1s usando, para ayudarnos a prevenir el spam.<\/p>\n\n\n\n<p class=\"has-text-color has-link-color wp-elements-c5416c6f6cda27e64437c09ec0746881\" style=\"color:#874141\">Podemos usar Gravatar (un servicio que asocia una imagen a tu correo) para mostrar tu foto junto a tu comentario. Si lo usamos, puedes ver su pol\u00edtica aqu\u00ed: <a>https:\/\/automattic.com\/privacy<\/a>. <\/p>\n\n\n\n<h2 class=\"wp-block-heading has-text-color has-link-color wp-elements-15ab62dd608f208e4d440f5c0cdeecc9\" style=\"color:#874141\">Im\u00e1genes y Medios <\/h2>\n\n\n\n<p class=\"has-text-color has-link-color wp-elements-26e67847b902fd0ae71370ab77808d9a\" style=\"color:#874141\">En nuestra pol\u00edtica de privacidad subes im\u00e1genes a la web (por ejemplo, si participas en alguna actividad o sorteo), te recomendamos no subir fotos que contengan datos de ubicaci\u00f3n (GPS), ya que cualquier visitante podr\u00eda descargar esa informaci\u00f3n.<\/p>\n\n\n\n<h2 class=\"wp-block-heading has-text-color has-link-color wp-elements-278d03cc00cfe0aa6dd6e3ff758bf23e\" style=\"color:#874141\">Cookies en la pol\u00edtica de privacidad <\/h2>\n\n\n\n<p class=\"has-text-color has-link-color wp-elements-28a86186d7915e18815d05a76948db50\" style=\"color:#874141\">Como en toda madriguera acogedora, usamos cookies para hacer tu visita m\u00e1s f\u00e1cil y personalizada.<\/p>\n\n\n\n<ul style=\"color:#874141\" class=\"wp-block-list has-text-color has-link-color wp-elements-f03e86171e20390a47856389448ac9bd\">\n<li>Si dejas un comentario, puedes optar por guardar tu nombre, email y web en una cookie, as\u00ed no tienes que volver a escribirlo cada vez. Duran un a\u00f1o.<\/li>\n\n\n\n<li>Si accedes a nuestra p\u00e1gina de administraci\u00f3n o cuenta (si habilitamos esto en el futuro), se guardar\u00e1n cookies para mantener tu sesi\u00f3n y preferencias.<\/li>\n\n\n\n<li>Las cookies no incluyen datos personales sensibles y puedes eliminarlas cuando quieras desde tu navegador.<\/li>\n<\/ul>\n\n\n\n<p><\/p>\n\n\n\n<p><\/p>\n\n\n\n<h2 class=\"wp-block-heading has-text-color has-link-color wp-elements-7893624fed71fad7017445fc21d9e0b8\" style=\"color:#874141\">Contenido incrustado de otros sitios<\/h2>\n\n\n\n<p class=\"has-text-color has-link-color wp-elements-bc5a4adfc3fb0707bfaa9f3d917d7925\" style=\"color:#874141\">Algunas de nuestras publicaciones o art\u00edculos pueden contener v\u00eddeos, im\u00e1genes o enlaces de otras webs (como Instagram o YouTube). Estos sitios pueden recopilar datos sobre ti, usar cookies y seguir tu interacci\u00f3n, como si los visitaras directamente. Esto escapa de nuestro control, pero tratamos de usar siempre fuentes seguras y de confianza.<\/p>\n\n\n\n<h2 class=\"wp-block-heading has-text-color has-link-color wp-elements-2100f9ee5fbdf2cc65377c7aa5a32956\" style=\"color:#874141\">Con qui\u00e9n compartimos tus datos<\/h2>\n\n\n\n<p class=\"has-text-color has-link-color wp-elements-aa3e081a0617533195e937134be06197\" style=\"color:#874141\">No compartimos tu informaci\u00f3n con terceros, excepto cuando es estrictamente necesario (por ejemplo, si olvidas tu contrase\u00f1a y solicitas un reinicio, tu IP puede incluirse en el correo de recuperaci\u00f3n).<\/p>\n\n\n\n<h2 class=\"wp-block-heading has-text-color has-link-color wp-elements-8146e65bf6d2401824db1a7f1fa6f414\" style=\"color:#874141\">Cu\u00e1nto tiempo conservamos tus datos<\/h2>\n\n\n\n<p class=\"has-text-color has-link-color wp-elements-eff9f594a43947bac11832e1ab436548\" style=\"color:#874141\">Si dejas un comentario, lo conservamos indefinidamente para poder responderte o mantener la conversaci\u00f3n abierta con la comunidad.<\/p>\n\n\n\n<p class=\"has-text-color has-link-color wp-elements-c7562b01af62329719013b2847f69347\" style=\"color:#874141\">Si en el futuro habilitamos cuentas de usuario, guardaremos los datos necesarios en tu perfil. Podr\u00e1s verlos, modificarlos o eliminarlos en cualquier momento (menos el nombre de usuario).<\/p>\n\n\n\n<h2 class=\"wp-block-heading has-text-color has-link-color wp-elements-eee5d7514640f17442212eb237166ec1\" style=\"color:#874141\">Qu\u00e9 derechos tienes sobre tus datos<\/h2>\n\n\n\n<p class=\"has-text-color has-link-color wp-elements-21871b7ac764aa8e302c7073172a6c0b\" style=\"color:#874141\">En nuestra pol\u00edtica de privacidad tienes derecho a:<\/p>\n\n\n\n<ul style=\"color:#874141\" class=\"wp-block-list has-text-color has-link-color wp-elements-7c42f81b11c1cc4433c0893a739709de\">\n<li>Solicitar una copia de los datos que tenemos sobre ti.<\/li>\n\n\n\n<li class=\"has-text-color has-link-color wp-elements-96f578ad91214f3f9652662c7a77085b\" style=\"color:#874141\">Pedirnos que eliminemos tus datos personales.<\/li>\n\n\n\n<li>Modificar cualquier informaci\u00f3n incorrecta o incompleta.<\/li>\n<\/ul>\n\n\n\n<p class=\"has-text-color has-link-color wp-elements-c38d867f176d2a2d49ead92a2e5098b5\" style=\"color:#874141\">Solo conservaremos datos necesarios por razones legales o de seguridad.<\/p>\n\n\n\n<p class=\"has-text-color has-link-color wp-elements-d4cfa263868953605fbaa62c2b8245f2\" style=\"color:#874141\">Puedes escribirnos a <strong><a>hola@lamadrigueradelasvelas.com<\/a><\/strong> para cualquier duda sobre tu privacidad o para ejercer tus derechos.<\/p>\n\n\n\n<h2 class=\"wp-block-heading has-text-color has-link-color wp-elements-9507aabd4ef273c0fb917d3718d32ba1\" style=\"color:#874141\">D\u00f3nde enviamos tus datos<\/h2>\n\n\n\n<p class=\"has-text-color has-link-color wp-elements-2444b35fa9f409e008026c6eb5389a1d\" style=\"color:#874141\">Usamos herramientas autom\u00e1ticas para detectar spam en los comentarios y proteger nuestra comunidad.<\/p>\n\n\n\n<div class=\"wp-block-columns is-layout-flex wp-container-core-columns-is-layout-28f84493 wp-block-columns-is-layout-flex\">\n<div class=\"wp-block-column is-layout-flow wp-block-column-is-layout-flow\" style=\"flex-basis:100%\">\n<div class=\"wp-block-uagb-image uagb-block-46fbd1a9 wp-block-uagb-image--layout-default wp-block-uagb-image--effect-static wp-block-uagb-image--align-none\"><figure class=\"wp-block-uagb-image__figure\"><img loading=\"lazy\" decoding=\"async\" srcset=\"https:\/\/websnebrija.es\/madrigueravelas\/wp-content\/uploads\/2025\/05\/OFRECEMOS-17-1024x576.jpg ,https:\/\/websnebrija.es\/madrigueravelas\/wp-content\/uploads\/2025\/05\/OFRECEMOS-17.jpg 780w, https:\/\/websnebrija.es\/madrigueravelas\/wp-content\/uploads\/2025\/05\/OFRECEMOS-17.jpg 360w\" sizes=\"auto, (max-width: 480px) 150px\" src=\"https:\/\/websnebrija.es\/madrigueravelas\/wp-content\/uploads\/2025\/05\/OFRECEMOS-17-1024x576.jpg\" alt=\"\" class=\"uag-image-3088\" width=\"974\" height=\"547\" title=\"OFRECEMOS (17)\" loading=\"lazy\" role=\"img\"\/><\/figure><\/div>\n<\/div>\n<\/div>\n\n\n\n<p><\/p>\n","protected":false},"excerpt":{"rendered":"<p>POL\u00cdTICA DE PRIVACIDAD Pol\u00edtica de privacidad Comentarios y pol\u00edtica de privacidad Cuando dejas un comentario en nuestra web, recopilamos los datos que aparecen en el formulario (como tu nombre y correo electr\u00f3nico), adem\u00e1s de tu direcci\u00f3n IP y el navegador que est\u00e1s usando, para ayudarnos a prevenir el spam. Podemos usar Gravatar (un servicio que [&hellip;]<\/p>\n","protected":false},"author":1,"featured_media":0,"parent":0,"menu_order":0,"comment_status":"closed","ping_status":"closed","template":"","meta":{"_uag_custom_page_level_css":"","site-sidebar-layout":"default","site-content-layout":"","ast-site-content-layout":"default","site-content-style":"default","site-sidebar-style":"default","ast-global-header-display":"","ast-banner-title-visibility":"","ast-main-header-display":"","ast-hfb-above-header-display":"","ast-hfb-below-header-display":"","ast-hfb-mobile-header-display":"","site-post-title":"","ast-breadcrumbs-content":"","ast-featured-img":"","footer-sml-layout":"","theme-transparent-header-meta":"","adv-header-id-meta":"","stick-header-meta":"","header-above-stick-meta":"","header-main-stick-meta":"","header-below-stick-meta":"","astra-migrate-meta-layouts":"set","ast-page-background-enabled":"default","ast-page-background-meta":{"desktop":{"background-color":"var(--ast-global-color-4)","background-image":"","background-repeat":"repeat","background-position":"center center","background-size":"auto","background-attachment":"scroll","background-type":"","background-media":"","overlay-type":"","overlay-color":"","overlay-opacity":"","overlay-gradient":""},"tablet":{"background-color":"","background-image":"","background-repeat":"repeat","background-position":"center center","background-size":"auto","background-attachment":"scroll","background-type":"","background-media":"","overlay-type":"","overlay-color":"","overlay-opacity":"","overlay-gradient":""},"mobile":{"background-color":"","background-image":"","background-repeat":"repeat","background-position":"center center","background-size":"auto","background-attachment":"scroll","background-type":"","background-media":"","overlay-type":"","overlay-color":"","overlay-opacity":"","overlay-gradient":""}},"ast-content-background-meta":{"desktop":{"background-color":"var(--ast-global-color-5)","background-image":"","background-repeat":"repeat","background-position":"center center","background-size":"auto","background-attachment":"scroll","background-type":"","background-media":"","overlay-type":"","overlay-color":"","overlay-opacity":"","overlay-gradient":""},"tablet":{"background-color":"var(--ast-global-color-5)","background-image":"","background-repeat":"repeat","background-position":"center center","background-size":"auto","background-attachment":"scroll","background-type":"","background-media":"","overlay-type":"","overlay-color":"","overlay-opacity":"","overlay-gradient":""},"mobile":{"background-color":"var(--ast-global-color-5)","background-image":"","background-repeat":"repeat","background-position":"center center","background-size":"auto","background-attachment":"scroll","background-type":"","background-media":"","overlay-type":"","overlay-color":"","overlay-opacity":"","overlay-gradient":""}},"footnotes":""},"class_list":["post-3","page","type-page","status-publish","hentry"],"yoast_head":"<!-- This site is optimized with the Yoast SEO plugin v24.8.1 - https:\/\/yoast.com\/wordpress\/plugins\/seo\/ -->\n<title>POL\u00cdTICA DE PRIVACIDAD - Madriguera Velas Pol\u00edtica de Privacidad<\/title>\n<meta name=\"description\" content=\"La pol\u00edtica de privacidad que te ofrecemos. Protegemos tus datos personales con transparencia y responsabilidad.\" \/>\n<meta name=\"robots\" content=\"index, follow, max-snippet:-1, max-image-preview:large, max-video-preview:-1\" \/>\n<link rel=\"canonical\" href=\"https:\/\/websnebrija.es\/madrigueravelas\/politica-de-privacidad\/\" \/>\n<meta property=\"og:locale\" content=\"es_ES\" \/>\n<meta property=\"og:type\" content=\"article\" \/>\n<meta property=\"og:title\" content=\"POL\u00cdTICA DE PRIVACIDAD - Madriguera Velas Pol\u00edtica de Privacidad\" \/>\n<meta property=\"og:description\" content=\"La pol\u00edtica de privacidad que te ofrecemos. Protegemos tus datos personales con transparencia y responsabilidad.\" \/>\n<meta property=\"og:url\" content=\"https:\/\/websnebrija.es\/madrigueravelas\/politica-de-privacidad\/\" \/>\n<meta property=\"og:site_name\" content=\"Madriguera Velas\" \/>\n<meta property=\"article:publisher\" content=\"https:\/\/www.instagram.com\/madriguera.velas\/\" \/>\n<meta property=\"article:modified_time\" content=\"2025-05-07T14:03:15+00:00\" \/>\n<meta property=\"og:image\" content=\"https:\/\/websnebrija.es\/madrigueravelas\/wp-content\/uploads\/2025\/05\/OFRECEMOS-17-1024x576.jpg\" \/>\n<meta name=\"twitter:card\" content=\"summary_large_image\" \/>\n<meta name=\"twitter:label1\" content=\"Tiempo de lectura\" \/>\n\t<meta name=\"twitter:data1\" content=\"3 minutos\" \/>\n<script type=\"application\/ld+json\" class=\"yoast-schema-graph\">{\"@context\":\"https:\/\/schema.org\",\"@graph\":[{\"@type\":\"WebPage\",\"@id\":\"https:\/\/websnebrija.es\/madrigueravelas\/politica-de-privacidad\/\",\"url\":\"https:\/\/websnebrija.es\/madrigueravelas\/politica-de-privacidad\/\",\"name\":\"POL\u00cdTICA DE PRIVACIDAD - Madriguera Velas Pol\u00edtica de Privacidad\",\"isPartOf\":{\"@id\":\"https:\/\/websnebrija.es\/madrigueravelas\/#website\"},\"primaryImageOfPage\":{\"@id\":\"https:\/\/websnebrija.es\/madrigueravelas\/politica-de-privacidad\/#primaryimage\"},\"image\":{\"@id\":\"https:\/\/websnebrija.es\/madrigueravelas\/politica-de-privacidad\/#primaryimage\"},\"thumbnailUrl\":\"https:\/\/websnebrija.es\/madrigueravelas\/wp-content\/uploads\/2025\/05\/OFRECEMOS-17-1024x576.jpg\",\"datePublished\":\"2025-04-11T08:31:06+00:00\",\"dateModified\":\"2025-05-07T14:03:15+00:00\",\"description\":\"La pol\u00edtica de privacidad que te ofrecemos. Protegemos tus datos personales con transparencia y responsabilidad.\",\"breadcrumb\":{\"@id\":\"https:\/\/websnebrija.es\/madrigueravelas\/politica-de-privacidad\/#breadcrumb\"},\"inLanguage\":\"es\",\"potentialAction\":[{\"@type\":\"ReadAction\",\"target\":[\"https:\/\/websnebrija.es\/madrigueravelas\/politica-de-privacidad\/\"]}]},{\"@type\":\"ImageObject\",\"inLanguage\":\"es\",\"@id\":\"https:\/\/websnebrija.es\/madrigueravelas\/politica-de-privacidad\/#primaryimage\",\"url\":\"https:\/\/websnebrija.es\/madrigueravelas\/wp-content\/uploads\/2025\/05\/OFRECEMOS-17.jpg\",\"contentUrl\":\"https:\/\/websnebrija.es\/madrigueravelas\/wp-content\/uploads\/2025\/05\/OFRECEMOS-17.jpg\",\"width\":1920,\"height\":1080},{\"@type\":\"BreadcrumbList\",\"@id\":\"https:\/\/websnebrija.es\/madrigueravelas\/politica-de-privacidad\/#breadcrumb\",\"itemListElement\":[{\"@type\":\"ListItem\",\"position\":1,\"name\":\"Portada\",\"item\":\"https:\/\/websnebrija.es\/madrigueravelas\/\"},{\"@type\":\"ListItem\",\"position\":2,\"name\":\"POL\u00cdTICA DE PRIVACIDAD\"}]},{\"@type\":\"WebSite\",\"@id\":\"https:\/\/websnebrija.es\/madrigueravelas\/#website\",\"url\":\"https:\/\/websnebrija.es\/madrigueravelas\/\",\"name\":\"Madriguera Velas\",\"description\":\"\",\"publisher\":{\"@id\":\"https:\/\/websnebrija.es\/madrigueravelas\/#organization\"},\"potentialAction\":[{\"@type\":\"SearchAction\",\"target\":{\"@type\":\"EntryPoint\",\"urlTemplate\":\"https:\/\/websnebrija.es\/madrigueravelas\/?s={search_term_string}\"},\"query-input\":{\"@type\":\"PropertyValueSpecification\",\"valueRequired\":true,\"valueName\":\"search_term_string\"}}],\"inLanguage\":\"es\"},{\"@type\":\"Organization\",\"@id\":\"https:\/\/websnebrija.es\/madrigueravelas\/#organization\",\"name\":\"Madriguera Velas\",\"url\":\"https:\/\/websnebrija.es\/madrigueravelas\/\",\"logo\":{\"@type\":\"ImageObject\",\"inLanguage\":\"es\",\"@id\":\"https:\/\/websnebrija.es\/madrigueravelas\/#\/schema\/logo\/image\/\",\"url\":\"https:\/\/websnebrija.es\/madrigueravelas\/wp-content\/uploads\/2025\/05\/cropped-Diseno_sin_titulo_35.png\",\"contentUrl\":\"https:\/\/websnebrija.es\/madrigueravelas\/wp-content\/uploads\/2025\/05\/cropped-Diseno_sin_titulo_35.png\",\"width\":512,\"height\":512,\"caption\":\"Madriguera Velas\"},\"image\":{\"@id\":\"https:\/\/websnebrija.es\/madrigueravelas\/#\/schema\/logo\/image\/\"},\"sameAs\":[\"https:\/\/www.instagram.com\/madriguera.velas\/\"]}]}<\/script>\n<!-- \/ Yoast SEO plugin. -->","yoast_head_json":{"title":"POL\u00cdTICA DE PRIVACIDAD - Madriguera Velas Pol\u00edtica de Privacidad","description":"La pol\u00edtica de privacidad que te ofrecemos. Protegemos tus datos personales con transparencia y responsabilidad.","robots":{"index":"index","follow":"follow","max-snippet":"max-snippet:-1","max-image-preview":"max-image-preview:large","max-video-preview":"max-video-preview:-1"},"canonical":"https:\/\/websnebrija.es\/madrigueravelas\/politica-de-privacidad\/","og_locale":"es_ES","og_type":"article","og_title":"POL\u00cdTICA DE PRIVACIDAD - Madriguera Velas Pol\u00edtica de Privacidad","og_description":"La pol\u00edtica de privacidad que te ofrecemos. Protegemos tus datos personales con transparencia y responsabilidad.","og_url":"https:\/\/websnebrija.es\/madrigueravelas\/politica-de-privacidad\/","og_site_name":"Madriguera Velas","article_publisher":"https:\/\/www.instagram.com\/madriguera.velas\/","article_modified_time":"2025-05-07T14:03:15+00:00","og_image":[{"url":"https:\/\/websnebrija.es\/madrigueravelas\/wp-content\/uploads\/2025\/05\/OFRECEMOS-17-1024x576.jpg","type":"","width":"","height":""}],"twitter_card":"summary_large_image","twitter_misc":{"Tiempo de lectura":"3 minutos"},"schema":{"@context":"https:\/\/schema.org","@graph":[{"@type":"WebPage","@id":"https:\/\/websnebrija.es\/madrigueravelas\/politica-de-privacidad\/","url":"https:\/\/websnebrija.es\/madrigueravelas\/politica-de-privacidad\/","name":"POL\u00cdTICA DE PRIVACIDAD - Madriguera Velas Pol\u00edtica de Privacidad","isPartOf":{"@id":"https:\/\/websnebrija.es\/madrigueravelas\/#website"},"primaryImageOfPage":{"@id":"https:\/\/websnebrija.es\/madrigueravelas\/politica-de-privacidad\/#primaryimage"},"image":{"@id":"https:\/\/websnebrija.es\/madrigueravelas\/politica-de-privacidad\/#primaryimage"},"thumbnailUrl":"https:\/\/websnebrija.es\/madrigueravelas\/wp-content\/uploads\/2025\/05\/OFRECEMOS-17-1024x576.jpg","datePublished":"2025-04-11T08:31:06+00:00","dateModified":"2025-05-07T14:03:15+00:00","description":"La pol\u00edtica de privacidad que te ofrecemos. Protegemos tus datos personales con transparencia y responsabilidad.","breadcrumb":{"@id":"https:\/\/websnebrija.es\/madrigueravelas\/politica-de-privacidad\/#breadcrumb"},"inLanguage":"es","potentialAction":[{"@type":"ReadAction","target":["https:\/\/websnebrija.es\/madrigueravelas\/politica-de-privacidad\/"]}]},{"@type":"ImageObject","inLanguage":"es","@id":"https:\/\/websnebrija.es\/madrigueravelas\/politica-de-privacidad\/#primaryimage","url":"https:\/\/websnebrija.es\/madrigueravelas\/wp-content\/uploads\/2025\/05\/OFRECEMOS-17.jpg","contentUrl":"https:\/\/websnebrija.es\/madrigueravelas\/wp-content\/uploads\/2025\/05\/OFRECEMOS-17.jpg","width":1920,"height":1080},{"@type":"BreadcrumbList","@id":"https:\/\/websnebrija.es\/madrigueravelas\/politica-de-privacidad\/#breadcrumb","itemListElement":[{"@type":"ListItem","position":1,"name":"Portada","item":"https:\/\/websnebrija.es\/madrigueravelas\/"},{"@type":"ListItem","position":2,"name":"POL\u00cdTICA DE PRIVACIDAD"}]},{"@type":"WebSite","@id":"https:\/\/websnebrija.es\/madrigueravelas\/#website","url":"https:\/\/websnebrija.es\/madrigueravelas\/","name":"Madriguera Velas","description":"","publisher":{"@id":"https:\/\/websnebrija.es\/madrigueravelas\/#organization"},"potentialAction":[{"@type":"SearchAction","target":{"@type":"EntryPoint","urlTemplate":"https:\/\/websnebrija.es\/madrigueravelas\/?s={search_term_string}"},"query-input":{"@type":"PropertyValueSpecification","valueRequired":true,"valueName":"search_term_string"}}],"inLanguage":"es"},{"@type":"Organization","@id":"https:\/\/websnebrija.es\/madrigueravelas\/#organization","name":"Madriguera Velas","url":"https:\/\/websnebrija.es\/madrigueravelas\/","logo":{"@type":"ImageObject","inLanguage":"es","@id":"https:\/\/websnebrija.es\/madrigueravelas\/#\/schema\/logo\/image\/","url":"https:\/\/websnebrija.es\/madrigueravelas\/wp-content\/uploads\/2025\/05\/cropped-Diseno_sin_titulo_35.png","contentUrl":"https:\/\/websnebrija.es\/madrigueravelas\/wp-content\/uploads\/2025\/05\/cropped-Diseno_sin_titulo_35.png","width":512,"height":512,"caption":"Madriguera Velas"},"image":{"@id":"https:\/\/websnebrija.es\/madrigueravelas\/#\/schema\/logo\/image\/"},"sameAs":["https:\/\/www.instagram.com\/madriguera.velas\/"]}]}},"uagb_featured_image_src":{"full":false,"thumbnail":false,"medium":false,"medium_large":false,"large":false,"1536x1536":false,"2048x2048":false},"uagb_author_info":{"display_name":"admin","author_link":"https:\/\/websnebrija.es\/madrigueravelas\/author\/madrigueravelas\/"},"uagb_comment_info":0,"uagb_excerpt":"POL\u00cdTICA DE PRIVACIDAD Pol\u00edtica de privacidad Comentarios y pol\u00edtica de privacidad Cuando dejas un comentario en nuestra web, recopilamos los datos que aparecen en el formulario (como tu nombre y correo electr\u00f3nico), adem\u00e1s de tu direcci\u00f3n IP y el navegador que est\u00e1s usando, para ayudarnos a prevenir el spam. Podemos usar Gravatar (un servicio que&hellip;","_links":{"self":[{"href":"https:\/\/websnebrija.es\/madrigueravelas\/wp-json\/wp\/v2\/pages\/3","targetHints":{"allow":["GET"]}}],"collection":[{"href":"https:\/\/websnebrija.es\/madrigueravelas\/wp-json\/wp\/v2\/pages"}],"about":[{"href":"https:\/\/websnebrija.es\/madrigueravelas\/wp-json\/wp\/v2\/types\/page"}],"author":[{"embeddable":true,"href":"https:\/\/websnebrija.es\/madrigueravelas\/wp-json\/wp\/v2\/users\/1"}],"replies":[{"embeddable":true,"href":"https:\/\/websnebrija.es\/madrigueravelas\/wp-json\/wp\/v2\/comments?post=3"}],"version-history":[{"count":7,"href":"https:\/\/websnebrija.es\/madrigueravelas\/wp-json\/wp\/v2\/pages\/3\/revisions"}],"predecessor-version":[{"id":3091,"href":"https:\/\/websnebrija.es\/madrigueravelas\/wp-json\/wp\/v2\/pages\/3\/revisions\/3091"}],"wp:attachment":[{"href":"https:\/\/websnebrija.es\/madrigueravelas\/wp-json\/wp\/v2\/media?parent=3"}],"curies":[{"name":"wp","href":"https:\/\/api.w.org\/{rel}","templated":true}]}}